{"id":229,"date":"2019-06-15T18:49:42","date_gmt":"2019-06-15T23:49:42","guid":{"rendered":"https:\/\/demo.hivepress.io\/?page_id=5"},"modified":"2020-08-04T02:27:24","modified_gmt":"2020-08-04T07:27:24","slug":"home","status":"publish","type":"page","link":"https:\/\/jojutla.com\/directorio\/","title":{"rendered":"Inicio"},"content":{"rendered":"\n<h2 class=\"has-text-align-center wp-block-heading\"> \n\t\t<div class=\"type-wrap\" style=\"display:none;\">\n\t\t  <div id=\"typed-strings\"><p> Donde encuentras lo que necesitas.<\/p><p> El portal publicitario del Sur.<\/p><\/div>\n\t\t  <span id=\"typed\"><\/span>\n\t\t<\/div>\n\t\t<script>\n\t    jQuery(function($){\n\t    $('.type-wrap').show();\n\t        $('#typed').typed({\n\t            stringsElement: $('#typed-strings'),\n\t            typeSpeed: 50,\n\t            startDelay: 200,\n\t            backDelay: 1002,\n\t            backSpeed: 2,\n\t\t\t\t\t\t\tsmartBackspace: 1,\n\t            loop: false,\n\t            cursorChar: \"|\",\n\t            contentType: 'html', \/\/ or text\n\t            \/\/ call when done callback function\n\t            callback: function() {},\n\t            \/\/ starting callback function before each string\n\t            preStringTyped: function() {},\n\t            \/\/callback for every typed string\n\t\t          onStringTyped: function() {},\n\t            loopCount: false,\n\t            \/\/ callback for reset\n\t            resetCallback: function() { newTyped(); }\n\t        });\n\t        $('.reset').click(function(){\n\t            $('#typed').typed('reset');\n\t        });\n\t    });\n\t    <\/script>\n\t\t\t\n\t\t<\/h2>\n\n\n\n<p class=\"has-text-align-center\">El Directorio comercial de Jojutla y sus alrededores.<\/p>\n\n\n\n<!--more MORE-->\n<!--noteaser-->\n\n\n <form class=\"hp-form--wide hp-form--primary hp-block hp-form hp-form--listing-search\" action=\"https:\/\/jojutla.com\/directorio\" method=\"GET\" data-component=\"form\"><div class=\"hp-form__messages\" data-component=\"messages\"><\/div><div class=\"hp-form__fields\"><input type=\"hidden\" name=\"post_type\" value=\"hp_listing\" class=\"hp-field hp-field--hidden\"><input type=\"hidden\" name=\"latitude\" value=\"\" data-coordinate=\"lat\" class=\"hp-field hp-field--hidden\"><input type=\"hidden\" name=\"longitude\" value=\"\" data-coordinate=\"lng\" class=\"hp-field hp-field--hidden\"><select name=\"_category\" class=\"hp-field hp-field--hidden\"><option value=\"\">Todas las categor\u00edas<\/option><option value=\"48\">Abarrotes &amp; Bebidas<\/option><option value=\"62\">Bares &amp; Discotecas<\/option><option value=\"50\">Bienes Raices<\/option><option value=\"51\">Comunicaci\u00f3n &amp; Medios<\/option><option value=\"52\">Construcci\u00f3n<\/option><option value=\"53\">Econom\u00eda<\/option><option value=\"54\">Educaci\u00f3n<\/option><option value=\"60\">Entretenimiento<\/option><option value=\"55\">Flores &amp; Jardiner\u00eda<\/option><option value=\"56\">Industrial<\/option><option value=\"57\">Legal<\/option><option value=\"58\">Productos p\u00b4 Consumidor<\/option><option value=\"59\">Productos p\u00b4 Negocios<\/option><option value=\"61\">Restaurantes &amp; Comida<\/option><option value=\"63\">Ropa, Moda &amp; Belleza<\/option><option value=\"64\">Salud &amp; Medicina<\/option><option value=\"65\">Seguridad &amp; Seguros<\/option><option value=\"66\">Tecnolog\u00eda<\/option><option value=\"67\">Transportes<\/option><option value=\"68\">Turismo<\/option><\/select><div class=\"hp-form__field hp-form__field--search\"><input type=\"search\" name=\"s\" value=\"\" placeholder=\"\u00bfQu\u00e9 es lo que buscas?\" maxlength=\"256\" class=\"hp-field hp-field--search\"><\/div><div class=\"hp-form__field hp-form__field--location\"><div data-format=\"\" data-countries=\"[]\" data-component=\"location\" class=\"hp-field hp-field--location\"><input type=\"text\" name=\"location\" value=\"\" autocomplete=\"off\" placeholder=\"Direcci\u00f3n de Negocio\" maxlength=\"256\" class=\"hp-field hp-field--text\"><a href=\"#\" title=\"Local\u00edzame\"><i class=\"hp-icon fas fa-location-arrow\"><\/i><\/a><\/div><\/div><\/div><div class=\"hp-form__footer\"><button type=\"submit\" class=\"hp-form__button button-primary alt button hp-field hp-field--submit\"><span>Buscar<\/span><\/button><\/div><\/form>\n\n\n<h2 class=\"has-text-align-center wp-block-heading\"><span style=\"color:#fb0c0c\" class=\"has-inline-color\">Anuncios Premium<\/span><\/h2>\n\n\n\n\n\n\n\n<br><br><center><button type=\"button\" class=\"hp-menu__item hp-menu__item--listing-submit button button--secondary\" data-component=\"link\" data-url=\"https:\/\/jojutla.com\/directorio\/submit-listing\/\"><i class=\"hp-icon fas fa-plus\"><\/i><span>Agregar Negocio Gratis<\/span><\/button>\n\t<\/center>\n<br>\n<br>\n\n\n <div class=\"hp-listing-categories hp-grid hp-block\"><div class=\"hp-row\"><div class=\"hp-grid__item hp-col-sm-3 hp-col-xs-12\"><article class=\"hp-listing-category hp-listing-category--view-block\"><header class=\"hp-listing-category__header\"><div class=\"hp-listing-category__image\">\n\t<a href=\"https:\/\/jojutla.com\/directorio\/listing-category\/abarrotes\/\">\n\t\t\t\t\t<img decoding=\"async\" src=\"https:\/\/jojutla.com\/directorio\/wp-content\/uploads\/2020\/05\/frutas_hortaliza_verduras-400x533.jpg\" alt=\"Abarrotes &amp; Bebidas\" loading=\"lazy\">\n\t\t\t<\/a>\n<\/div>\n<div class=\"hp-listing-category__item-count hp-listing-category__count\">0 Negocios<\/div>\n<\/header><div class=\"hp-listing-category__content\"><h3 class=\"hp-listing-category__name\"><a href=\"https:\/\/jojutla.com\/directorio\/listing-category\/abarrotes\/\">Abarrotes &amp; Bebidas<\/a>\n<\/h3><div class=\"hp-listing-category__details hp-listing-category__details--primary\"><div class=\"hp-listing-category__item-count hp-listing-category__count\">0 Negocios<\/div>\n<\/div>\t<div class=\"hp-listing-category__description\">Abarrotes, Naturistas, Carne y Pollo, Frutas y Verduras, L\u00e1cteos, Mariscos, Aguas purificadas, Alcohol, Juguer\u00edas, Hielo, Refresco, etc.<\/div>\n\t<\/div><\/article><\/div><div class=\"hp-grid__item hp-col-sm-3 hp-col-xs-12\"><article class=\"hp-listing-category hp-listing-category--view-block\"><header class=\"hp-listing-category__header\"><div class=\"hp-listing-category__image\">\n\t<a href=\"https:\/\/jojutla.com\/directorio\/listing-category\/recreacion-y-entretenimiento\/\">\n\t\t\t\t\t<img decoding=\"async\" src=\"https:\/\/jojutla.com\/directorio\/wp-content\/uploads\/2020\/05\/Recreaci\u00f3n-y-Entretenimiento-400x533.jpeg\" alt=\"Entretenimiento\" loading=\"lazy\">\n\t\t\t<\/a>\n<\/div>\n<div class=\"hp-listing-category__item-count hp-listing-category__count\">0 Negocios<\/div>\n<\/header><div class=\"hp-listing-category__content\"><h3 class=\"hp-listing-category__name\"><a href=\"https:\/\/jojutla.com\/directorio\/listing-category\/recreacion-y-entretenimiento\/\">Entretenimiento<\/a>\n<\/h3><div class=\"hp-listing-category__details hp-listing-category__details--primary\"><div class=\"hp-listing-category__item-count hp-listing-category__count\">0 Negocios<\/div>\n<\/div>\t<div class=\"hp-listing-category__description\">Cines, Diversiones, Teatros, Video juegos, Equipos de sonido, Grupos musicales, Billares, Deportes.<\/div>\n\t<\/div><\/article><\/div><div class=\"hp-grid__item hp-col-sm-3 hp-col-xs-12\"><article class=\"hp-listing-category hp-listing-category--view-block\"><header class=\"hp-listing-category__header\"><div class=\"hp-listing-category__image\">\n\t<a href=\"https:\/\/jojutla.com\/directorio\/listing-category\/restaurantes\/\">\n\t\t\t\t\t<img decoding=\"async\" src=\"https:\/\/jojutla.com\/directorio\/wp-content\/uploads\/2020\/05\/1925238_438776652922647_2048707744_n-400x533.jpg\" alt=\"Restaurantes &amp; Comida\" loading=\"lazy\">\n\t\t\t<\/a>\n<\/div>\n<div class=\"hp-listing-category__item-count hp-listing-category__count\">0 Negocios<\/div>\n<\/header><div class=\"hp-listing-category__content\"><h3 class=\"hp-listing-category__name\"><a href=\"https:\/\/jojutla.com\/directorio\/listing-category\/restaurantes\/\">Restaurantes &amp; Comida<\/a>\n<\/h3><div class=\"hp-listing-category__details hp-listing-category__details--primary\"><div class=\"hp-listing-category__item-count hp-listing-category__count\">0 Negocios<\/div>\n<\/div>\t<div class=\"hp-listing-category__description\">Cafeter\u00edas, Comida r\u00e1pida, Vegetariana, Mariscos, Fuentes de sodas, Pizzerias, etc.<\/div>\n\t<\/div><\/article><\/div><div class=\"hp-grid__item hp-col-sm-3 hp-col-xs-12\"><article class=\"hp-listing-category hp-listing-category--view-block\"><header class=\"hp-listing-category__header\"><div class=\"hp-listing-category__image\">\n\t<a href=\"https:\/\/jojutla.com\/directorio\/listing-category\/bares-discotecas\/\">\n\t\t\t\t\t<img decoding=\"async\" src=\"https:\/\/jojutla.com\/directorio\/wp-content\/uploads\/2020\/05\/Bares-Discotecas-400x533.jpg\" alt=\"Bares &amp; Discotecas\" loading=\"lazy\">\n\t\t\t<\/a>\n<\/div>\n<div class=\"hp-listing-category__item-count hp-listing-category__count\">0 Negocios<\/div>\n<\/header><div class=\"hp-listing-category__content\"><h3 class=\"hp-listing-category__name\"><a href=\"https:\/\/jojutla.com\/directorio\/listing-category\/bares-discotecas\/\">Bares &amp; Discotecas<\/a>\n<\/h3><div class=\"hp-listing-category__details hp-listing-category__details--primary\"><div class=\"hp-listing-category__item-count hp-listing-category__count\">0 Negocios<\/div>\n<\/div>\t<div class=\"hp-listing-category__description\">Bares, cantinas, discotecas, botaneras, etc.<\/div>\n\t<\/div><\/article><\/div><div class=\"hp-grid__item hp-col-sm-3 hp-col-xs-12\"><article class=\"hp-listing-category hp-listing-category--view-block\"><header class=\"hp-listing-category__header\"><div class=\"hp-listing-category__image\">\n\t<a href=\"https:\/\/jojutla.com\/directorio\/listing-category\/ropa-moda-belleza\/\">\n\t\t\t\t\t<img decoding=\"async\" src=\"https:\/\/jojutla.com\/directorio\/wp-content\/uploads\/2020\/05\/ropa-400x533.jpg\" alt=\"Ropa, Moda &amp; Belleza\" loading=\"lazy\">\n\t\t\t<\/a>\n<\/div>\n<div class=\"hp-listing-category__item-count hp-listing-category__count\">0 Negocios<\/div>\n<\/header><div class=\"hp-listing-category__content\"><h3 class=\"hp-listing-category__name\"><a href=\"https:\/\/jojutla.com\/directorio\/listing-category\/ropa-moda-belleza\/\">Ropa, Moda &amp; Belleza<\/a>\n<\/h3><div class=\"hp-listing-category__details hp-listing-category__details--primary\"><div class=\"hp-listing-category__item-count hp-listing-category__count\">0 Negocios<\/div>\n<\/div>\t<div class=\"hp-listing-category__description\">Bolsas, Carteras, Joyeria, Zapaterias, Salon de belleza, Boutiques, Uniformes, Vestidos novia, etc.<\/div>\n\t<\/div><\/article><\/div><div class=\"hp-grid__item hp-col-sm-3 hp-col-xs-12\"><article class=\"hp-listing-category hp-listing-category--view-block\"><header class=\"hp-listing-category__header\"><div class=\"hp-listing-category__image\">\n\t<a href=\"https:\/\/jojutla.com\/directorio\/listing-category\/salud-medicina\/\">\n\t\t\t\t\t<img decoding=\"async\" src=\"https:\/\/jojutla.com\/directorio\/wp-content\/uploads\/2020\/05\/Salud-Medicina-400x533.jpg\" alt=\"Salud &amp; Medicina\" loading=\"lazy\">\n\t\t\t<\/a>\n<\/div>\n<div class=\"hp-listing-category__item-count hp-listing-category__count\">0 Negocios<\/div>\n<\/header><div class=\"hp-listing-category__content\"><h3 class=\"hp-listing-category__name\"><a href=\"https:\/\/jojutla.com\/directorio\/listing-category\/salud-medicina\/\">Salud &amp; Medicina<\/a>\n<\/h3><div class=\"hp-listing-category__details hp-listing-category__details--primary\"><div class=\"hp-listing-category__item-count hp-listing-category__count\">0 Negocios<\/div>\n<\/div>\t<div class=\"hp-listing-category__description\">Medicina Rehabilitaci\u00f3n, M\u00e9dicos, Hospitales, Farmacias, Laboratorios, Nutrici\u00f3n, \u00d3pticas, Pedicuristas, etc.<\/div>\n\t<\/div><\/article><\/div><div class=\"hp-grid__item hp-col-sm-3 hp-col-xs-12\"><article class=\"hp-listing-category hp-listing-category--view-block\"><header class=\"hp-listing-category__header\"><div class=\"hp-listing-category__image\">\n\t<a href=\"https:\/\/jojutla.com\/directorio\/listing-category\/seguridad-seguros\/\">\n\t\t\t\t\t<img decoding=\"async\" src=\"https:\/\/jojutla.com\/directorio\/wp-content\/uploads\/2020\/05\/Seguridad-Seguros-400x533.jpg\" alt=\"Seguridad &amp; Seguros\" loading=\"lazy\">\n\t\t\t<\/a>\n<\/div>\n<div class=\"hp-listing-category__item-count hp-listing-category__count\">0 Negocios<\/div>\n<\/header><div class=\"hp-listing-category__content\"><h3 class=\"hp-listing-category__name\"><a href=\"https:\/\/jojutla.com\/directorio\/listing-category\/seguridad-seguros\/\">Seguridad &amp; Seguros<\/a>\n<\/h3><div class=\"hp-listing-category__details hp-listing-category__details--primary\"><div class=\"hp-listing-category__item-count hp-listing-category__count\">0 Negocios<\/div>\n<\/div>\t<div class=\"hp-listing-category__description\">Aseguradoras, Cajas y equipo de seguridad, Equipo contra incendios, Sistemas de seguridad, Traslado de valores, Vigilancia, etc.<\/div>\n\t<\/div><\/article><\/div><div class=\"hp-grid__item hp-col-sm-3 hp-col-xs-12\"><article class=\"hp-listing-category hp-listing-category--view-block\"><header class=\"hp-listing-category__header\"><div class=\"hp-listing-category__image\">\n\t<a href=\"https:\/\/jojutla.com\/directorio\/listing-category\/tecnologia\/\">\n\t\t\t\t\t<img decoding=\"async\" src=\"https:\/\/jojutla.com\/directorio\/wp-content\/uploads\/2020\/05\/Tecnologia-400x533.jpg\" alt=\"Tecnolog\u00eda\" loading=\"lazy\">\n\t\t\t<\/a>\n<\/div>\n<div class=\"hp-listing-category__item-count hp-listing-category__count\">0 Negocios<\/div>\n<\/header><div class=\"hp-listing-category__content\"><h3 class=\"hp-listing-category__name\"><a href=\"https:\/\/jojutla.com\/directorio\/listing-category\/tecnologia\/\">Tecnolog\u00eda<\/a>\n<\/h3><div class=\"hp-listing-category__details hp-listing-category__details--primary\"><div class=\"hp-listing-category__item-count hp-listing-category__count\">0 Negocios<\/div>\n<\/div>\t<div class=\"hp-listing-category__description\">Computo e Internet, Aparatos electr\u00f3nicos, Refacciones el\u00e9ctricas, Reparaci\u00f3n y mantenimiento, etc.<\/div>\n\t<\/div><\/article><\/div><\/div><\/div>\n\n\n<div class=\"wp-block-image\"><figure class=\"aligncenter size-large is-resized\"><a href=\"https:\/\/jojutla.com\/directorio\/categorias\/\"><img loading=\"lazy\" decoding=\"async\" src=\"https:\/\/jojutla.com\/directorio\/wp-content\/uploads\/2020\/07\/boton-categorias.png\" alt=\"\" class=\"wp-image-3081\" width=\"320\" height=\"91\" srcset=\"https:\/\/jojutla.com\/directorio\/wp-content\/uploads\/2020\/07\/boton-categorias.png 640w, https:\/\/jojutla.com\/directorio\/wp-content\/uploads\/2020\/07\/boton-categorias-300x85.png 300w, https:\/\/jojutla.com\/directorio\/wp-content\/uploads\/2020\/07\/boton-categorias-150x43.png 150w, https:\/\/jojutla.com\/directorio\/wp-content\/uploads\/2020\/07\/boton-categorias-600x171.png 600w\" sizes=\"(max-width: 320px) 100vw, 320px\" \/><\/a><\/figure><\/div>\n\n\n\n<div class=\"wp-block-image\"><figure class=\"aligncenter size-large is-resized\"><a href=\"https:\/\/jojutla.com\/directorio\/listado-de-negocios\/\"><img loading=\"lazy\" decoding=\"async\" src=\"https:\/\/jojutla.com\/directorio\/wp-content\/uploads\/2020\/07\/boton-negocios.png\" alt=\"\" class=\"wp-image-3079\" width=\"320\" height=\"91\" srcset=\"https:\/\/jojutla.com\/directorio\/wp-content\/uploads\/2020\/07\/boton-negocios.png 640w, https:\/\/jojutla.com\/directorio\/wp-content\/uploads\/2020\/07\/boton-negocios-300x85.png 300w, https:\/\/jojutla.com\/directorio\/wp-content\/uploads\/2020\/07\/boton-negocios-150x43.png 150w, https:\/\/jojutla.com\/directorio\/wp-content\/uploads\/2020\/07\/boton-negocios-600x171.png 600w\" sizes=\"(max-width: 320px) 100vw, 320px\" \/><\/a><\/figure><\/div>\n\n\n\n<div class=\"wp-block-group\"><div class=\"wp-block-group__inner-container is-layout-flow wp-block-group-is-layout-flow\">\n<center>\n<button type=\"button\" class=\"hp-menu__item hp-menu__item--listing-submit button button--secondary\" data-component=\"link\" data-url=\"https:\/\/jojutla.com\/directorio\/submit-listing\/\"><i class=\"hp-icon fas fa-plus\"><\/i><span> Agregar Negocio Gratis<\/span><\/button>\n\t<\/center>\n<\/div><\/div>\n\n\n\n<h2 class=\"has-text-align-center title title--center wp-block-heading\"><span style=\"color:#ff0303\" class=\"has-inline-color\">Negocios en secci\u00f3n Premium<\/span><\/h2>\n\n\n <div class=\"hp-listings hp-block hp-grid\"><div class=\"hp-row\"><div class=\"hp-grid__item hp-col-sm-3 hp-col-xs-12\"><article class=\"hp-listing hp-listing--view-block hp-listing--featured hp-listing--verified\"><header class=\"hp-listing__header\">\t<div class=\"hp-listing__featured-badge hp-listing__featured\" title=\"Destacado\">\n\t\t<i class=\"hp-icon fas fa-star\"><\/i>\n\t<\/div>\n\t<div class=\"hp-listing__image\">\n\t<a href=\"https:\/\/jojutla.com\/directorio\/listing\/las-costillitas-de-tlaqui\/\">\n\t\t\t\t\t<img decoding=\"async\" src=\"https:\/\/jojutla.com\/directorio\/wp-content\/plugins\/hivepress\/assets\/images\/placeholders\/image-landscape.svg\" alt=\"Las Costillitas de Tlaqui\" loading=\"lazy\">\n\t\t\t<\/a>\n<\/div>\n<\/header><div class=\"hp-listing__content\"><h4 class=\"hp-listing__title\"><a href=\"https:\/\/jojutla.com\/directorio\/listing\/las-costillitas-de-tlaqui\/\">Las Costillitas de Tlaqui<\/a>\n\t<i class=\"hp-listing__verified-badge hp-listing__verified hp-icon fas fa-check-circle\" title=\"Verificado\"><\/i>\n\t<\/h4><div class=\"hp-listing__details hp-listing__details--primary\">\t<div class=\"hp-listing__location\">\n\t\t<i class=\"hp-icon fas fa-map-marker-alt\"><\/i>\n\t\t\t\t\t<a href=\"https:\/\/www.google.com\/maps\/search\/?api=1&#038;query=,\" target=\"_blank\">Juarez 104A col. centro Tlaquiltenango, Mor.<\/a>\n\t\t\t<\/div>\n\t<time class=\"hp-listing__created-date hp-listing__date hp-meta\" datetime=\"2024-01-05 13:55:31\">\n\tAgregado en enero 5, 2024<\/time>\n<\/div><\/div><footer class=\"hp-listing__footer\"><div class=\"hp-block hp-listing__attributes hp-listing__attributes--primary\"><div class=\"hp-listing__attribute hp-listing__attribute--telefono-de-contacto\"><strong>Tel\u00e9fono<\/strong>: <a href=\"tel:7774031970\"><i class=\"fa fa-phone-square fa-lg\" aria-hidden=\"true\"><\/i> Llamar<\/a><\/div><\/div><div class=\"hp-listing__actions hp-listing__actions--primary\"><a class=\"hp-listing__action hp-listing__action--favorite\" href=\"#user_login_modal\"><i class=\"hp-icon fas fa-heart\"><\/i><\/a><\/div><\/footer><\/article><\/div><\/div><\/div>","protected":false},"excerpt":{"rendered":"<p>El Directorio comercial de Jojutla y sus alrededores.<\/p>\n","protected":false},"author":1,"featured_media":0,"parent":0,"menu_order":0,"comment_status":"closed","ping_status":"closed","template":"","meta":{"_monsterinsights_skip_tracking":false,"_monsterinsights_sitenote_active":false,"_monsterinsights_sitenote_note":"","_monsterinsights_sitenote_category":0,"footnotes":""},"yoast_head":"<!-- This site is optimized with the Yoast SEO plugin v21.8.1 - https:\/\/yoast.com\/wordpress\/plugins\/seo\/ -->\n<title>Directorio Comercial de Jojutla.com : El #1 en la zona<\/title>\n<meta name=\"description\" content=\"El Directorio comercial de Jojutla y sus alrededores, donde encuentras los negocios y empreasas que necesitas, solo aqu\u00ed en el portal publicitario del sur.\" \/>\n<meta name=\"robots\" content=\"index, follow, max-snippet:-1, max-image-preview:large, max-video-preview:-1\" \/>\n<link rel=\"canonical\" href=\"https:\/\/jojutla.com\/directorio\/\" \/>\n<meta property=\"og:locale\" content=\"es_MX\" \/>\n<meta property=\"og:type\" content=\"article\" \/>\n<meta property=\"og:title\" content=\"Directorio Comercial - Jojutla.com\" \/>\n<meta property=\"og:description\" content=\"El Directorio de Negocios de Jojutla y sus alrededores.\" \/>\n<meta property=\"og:url\" content=\"https:\/\/jojutla.com\/directorio\/\" \/>\n<meta property=\"og:site_name\" content=\"Directorio Comercial Jojutla.com\" \/>\n<meta property=\"article:modified_time\" content=\"2020-08-04T07:27:24+00:00\" \/>\n<meta property=\"og:image\" content=\"https:\/\/jojutla.com\/directorio\/wp-content\/uploads\/2020\/05\/Facebook-thumbail.png\" \/>\n\t<meta property=\"og:image:width\" content=\"1200\" \/>\n\t<meta property=\"og:image:height\" content=\"630\" \/>\n\t<meta property=\"og:image:type\" content=\"image\/png\" \/>\n<meta name=\"twitter:card\" content=\"summary_large_image\" \/>\n<script type=\"application\/ld+json\" class=\"yoast-schema-graph\">{\"@context\":\"https:\/\/schema.org\",\"@graph\":[{\"@type\":\"WebPage\",\"@id\":\"https:\/\/jojutla.com\/directorio\/\",\"url\":\"https:\/\/jojutla.com\/directorio\/\",\"name\":\"Directorio Comercial de Jojutla.com : El #1 en la zona\",\"isPartOf\":{\"@id\":\"https:\/\/jojutla.com\/directorio\/#website\"},\"datePublished\":\"2019-06-15T23:49:42+00:00\",\"dateModified\":\"2020-08-04T07:27:24+00:00\",\"description\":\"El Directorio comercial de Jojutla y sus alrededores, donde encuentras los negocios y empreasas que necesitas, solo aqu\u00ed en el portal publicitario del sur.\",\"breadcrumb\":{\"@id\":\"https:\/\/jojutla.com\/directorio\/#breadcrumb\"},\"inLanguage\":\"es-MX\",\"potentialAction\":[{\"@type\":\"ReadAction\",\"target\":[\"https:\/\/jojutla.com\/directorio\/\"]}]},{\"@type\":\"BreadcrumbList\",\"@id\":\"https:\/\/jojutla.com\/directorio\/#breadcrumb\",\"itemListElement\":[{\"@type\":\"ListItem\",\"position\":1,\"name\":\"Inicio\",\"item\":\"https:\/\/jojutla.com\/directorio\/\"},{\"@type\":\"ListItem\",\"position\":2,\"name\":\"Inicio\"}]},{\"@type\":\"WebSite\",\"@id\":\"https:\/\/jojutla.com\/directorio\/#website\",\"url\":\"https:\/\/jojutla.com\/directorio\/\",\"name\":\"Directorio Comercial Jojutla.com\",\"description\":\"El portal publicitario del sur.\",\"publisher\":{\"@id\":\"https:\/\/jojutla.com\/directorio\/#organization\"},\"potentialAction\":[{\"@type\":\"SearchAction\",\"target\":{\"@type\":\"EntryPoint\",\"urlTemplate\":\"https:\/\/jojutla.com\/directorio\/?s={search_term_string}\"},\"query-input\":\"required name=search_term_string\"}],\"inLanguage\":\"es-MX\"},{\"@type\":\"Organization\",\"@id\":\"https:\/\/jojutla.com\/directorio\/#organization\",\"name\":\"Directorio Comercial Jojutla.com\",\"url\":\"https:\/\/jojutla.com\/directorio\/\",\"logo\":{\"@type\":\"ImageObject\",\"inLanguage\":\"es-MX\",\"@id\":\"https:\/\/jojutla.com\/directorio\/#\/schema\/logo\/image\/\",\"url\":\"https:\/\/jojutla.com\/directorio\/wp-content\/uploads\/2020\/05\/logo2.png\",\"contentUrl\":\"https:\/\/jojutla.com\/directorio\/wp-content\/uploads\/2020\/05\/logo2.png\",\"width\":490,\"height\":108,\"caption\":\"Directorio Comercial Jojutla.com\"},\"image\":{\"@id\":\"https:\/\/jojutla.com\/directorio\/#\/schema\/logo\/image\/\"}}]}<\/script>\n<!-- \/ Yoast SEO plugin. -->","yoast_head_json":{"title":"Directorio Comercial de Jojutla.com : El #1 en la zona","description":"El Directorio comercial de Jojutla y sus alrededores, donde encuentras los negocios y empreasas que necesitas, solo aqu\u00ed en el portal publicitario del sur.","robots":{"index":"index","follow":"follow","max-snippet":"max-snippet:-1","max-image-preview":"max-image-preview:large","max-video-preview":"max-video-preview:-1"},"canonical":"https:\/\/jojutla.com\/directorio\/","og_locale":"es_MX","og_type":"article","og_title":"Directorio Comercial - Jojutla.com","og_description":"El Directorio de Negocios de Jojutla y sus alrededores.","og_url":"https:\/\/jojutla.com\/directorio\/","og_site_name":"Directorio Comercial Jojutla.com","article_modified_time":"2020-08-04T07:27:24+00:00","og_image":[{"width":1200,"height":630,"url":"https:\/\/jojutla.com\/directorio\/wp-content\/uploads\/2020\/05\/Facebook-thumbail.png","type":"image\/png"}],"twitter_card":"summary_large_image","schema":{"@context":"https:\/\/schema.org","@graph":[{"@type":"WebPage","@id":"https:\/\/jojutla.com\/directorio\/","url":"https:\/\/jojutla.com\/directorio\/","name":"Directorio Comercial de Jojutla.com : El #1 en la zona","isPartOf":{"@id":"https:\/\/jojutla.com\/directorio\/#website"},"datePublished":"2019-06-15T23:49:42+00:00","dateModified":"2020-08-04T07:27:24+00:00","description":"El Directorio comercial de Jojutla y sus alrededores, donde encuentras los negocios y empreasas que necesitas, solo aqu\u00ed en el portal publicitario del sur.","breadcrumb":{"@id":"https:\/\/jojutla.com\/directorio\/#breadcrumb"},"inLanguage":"es-MX","potentialAction":[{"@type":"ReadAction","target":["https:\/\/jojutla.com\/directorio\/"]}]},{"@type":"BreadcrumbList","@id":"https:\/\/jojutla.com\/directorio\/#breadcrumb","itemListElement":[{"@type":"ListItem","position":1,"name":"Inicio","item":"https:\/\/jojutla.com\/directorio\/"},{"@type":"ListItem","position":2,"name":"Inicio"}]},{"@type":"WebSite","@id":"https:\/\/jojutla.com\/directorio\/#website","url":"https:\/\/jojutla.com\/directorio\/","name":"Directorio Comercial Jojutla.com","description":"El portal publicitario del sur.","publisher":{"@id":"https:\/\/jojutla.com\/directorio\/#organization"},"potentialAction":[{"@type":"SearchAction","target":{"@type":"EntryPoint","urlTemplate":"https:\/\/jojutla.com\/directorio\/?s={search_term_string}"},"query-input":"required name=search_term_string"}],"inLanguage":"es-MX"},{"@type":"Organization","@id":"https:\/\/jojutla.com\/directorio\/#organization","name":"Directorio Comercial Jojutla.com","url":"https:\/\/jojutla.com\/directorio\/","logo":{"@type":"ImageObject","inLanguage":"es-MX","@id":"https:\/\/jojutla.com\/directorio\/#\/schema\/logo\/image\/","url":"https:\/\/jojutla.com\/directorio\/wp-content\/uploads\/2020\/05\/logo2.png","contentUrl":"https:\/\/jojutla.com\/directorio\/wp-content\/uploads\/2020\/05\/logo2.png","width":490,"height":108,"caption":"Directorio Comercial Jojutla.com"},"image":{"@id":"https:\/\/jojutla.com\/directorio\/#\/schema\/logo\/image\/"}}]}},"_links":{"self":[{"href":"https:\/\/jojutla.com\/directorio\/wp-json\/wp\/v2\/pages\/229"}],"collection":[{"href":"https:\/\/jojutla.com\/directorio\/wp-json\/wp\/v2\/pages"}],"about":[{"href":"https:\/\/jojutla.com\/directorio\/wp-json\/wp\/v2\/types\/page"}],"author":[{"embeddable":true,"href":"https:\/\/jojutla.com\/directorio\/wp-json\/wp\/v2\/users\/1"}],"replies":[{"embeddable":true,"href":"https:\/\/jojutla.com\/directorio\/wp-json\/wp\/v2\/comments?post=229"}],"version-history":[{"count":120,"href":"https:\/\/jojutla.com\/directorio\/wp-json\/wp\/v2\/pages\/229\/revisions"}],"predecessor-version":[{"id":4127,"href":"https:\/\/jojutla.com\/directorio\/wp-json\/wp\/v2\/pages\/229\/revisions\/4127"}],"wp:attachment":[{"href":"https:\/\/jojutla.com\/directorio\/wp-json\/wp\/v2\/media?parent=229"}],"curies":[{"name":"wp","href":"https:\/\/api.w.org\/{rel}","templated":true}]}}